{"id":969,"date":"2019-01-17T00:12:24","date_gmt":"2019-01-17T00:12:24","guid":{"rendered":"https:\/\/expressexpense.com\/blog\/printing-receipts\/"},"modified":"2019-02-01T19:40:39","modified_gmt":"2019-02-01T19:40:39","slug":"printing-receipts","status":"publish","type":"page","link":"https:\/\/expressexpense.com\/blog\/printing-receipts\/?lang=es","title":{"rendered":"Printing Receipts"},"content":{"rendered":"<h2 style=\"text-align: center;\">Es f\u00e1cil imprimir recibos de ExpressExpense en casa o en su oficina.<\/h2>\n<p><strong><a href=\"https:\/\/itunes.apple.com\/us\/app\/express-thermal-print\/id1449743356?mt=8\"><img decoding=\"async\" loading=\"lazy\" class=\"alignleft size-full wp-image-912\" src=\"https:\/\/expressexpense.com\/blog\/wp-content\/uploads\/2019\/01\/express-thermal-print-animated-logo-small.gif\" alt=\"\" width=\"278\" height=\"274\" \/><\/a><\/strong><\/p>\n<p><strong><span class=\"notranslate\">Impresi\u00f3n a chorro de tinta o impresora l\u00e1ser.<\/span><\/strong>\u00a0<span class=\"notranslate\">&#8211;<\/span>\u00a0\u00a0\u00a0<span class=\"notranslate\">Simplemente\u00a0imprima la imagen usando sus opciones de impresi\u00f3n est\u00e1ndar.<\/span>\u00a0\u00a0\u00a0<span class=\"notranslate\">Es posible que deba\u00a0<a href=\"https:\/\/translate.google.com\/translate?hl=en&amp;prev=_t&amp;sl=auto&amp;tl=es&amp;u=https:\/\/expressexpense.com\/blog\/2017\/03\/how-to-resize-receipt-images-to-suit-your-needs\/\">cambiar el tama\u00f1o de la imagen del recibo<\/a>\u00a0para obtener el tama\u00f1o de impresi\u00f3n deseado.<\/span><\/p>\n<p><strong><span class=\"notranslate\">Imprimir\u00a0en<\/span>\u00a0\u00a0\u00a0<span class=\"notranslate\">recibo\u00a0termico<\/span>\u00a0\u00a0\u00a0<\/strong><span class=\"notranslate\"><strong>de papel\u00a0<\/strong>&#8211;<\/span>\u00a0\u00a0\u00a0<span class=\"notranslate\">Imprimir en una impresora t\u00e9rmica compatible con Bluetooth<\/span>\u00a0\u00a0\u00a0<span class=\"notranslate\">y nuestra\u00a0aplicaci\u00f3n\u00a0<a href=\"https:\/\/translate.google.com\/translate?hl=en&amp;prev=_t&amp;sl=auto&amp;tl=es&amp;u=https:\/\/expressexpense.com\/blog\/express-thermal-print-app-for-ios-and-android\/\">Express Thermal Print<\/a>\u00a0(\u00a0<a href=\"https:\/\/translate.google.com\/translate?hl=en&amp;prev=_t&amp;sl=auto&amp;tl=es&amp;u=https:\/\/itunes.apple.com\/us\/app\/express-thermal-print\/id1449743356%3Fmt%3D8\">disponible para<\/a><\/span>\u00a0<span class=\"notranslate\"><a href=\"https:\/\/translate.google.com\/translate?hl=en&amp;prev=_t&amp;sl=auto&amp;tl=es&amp;u=https:\/\/itunes.apple.com\/us\/app\/express-thermal-print\/id1449743356%3Fmt%3D8\">iOS<\/a>\u00a0).<\/span><\/p>\n<p><strong><span class=\"notranslate\">Impresoras t\u00e9rmicas compatibles con Bluetooth:<\/span><\/strong>\u00a0\u00a0\u00a0<span class=\"notranslate\">Las siguientes impresoras de recibos Bluetooth asequibles han sido probadas para funcionar con\u00a0<a href=\"https:\/\/translate.google.com\/translate?hl=en&amp;prev=_t&amp;sl=auto&amp;tl=es&amp;u=https:\/\/expressexpense.com\/blog\/express-thermal-print-app-for-ios-and-android\/\">Express Thermal Print<\/a>\u00a0.<\/span><\/p>\n<p><strong>58mm<\/strong>:\u00a0\u00a0<span data-sheets-value=\"{&quot;1&quot;:2,&quot;2&quot;:&quot;ZJ-5807DD&quot;}\" data-sheets-userformat=\"{&quot;2&quot;:513,&quot;3&quot;:{&quot;1&quot;:0},&quot;12&quot;:0}\">\u00a0ZKTeco ZKP5808 (<a href=\"https:\/\/www.amazon.com\/gp\/product\/B079HMNG48\/ref=as_li_tl?ie=UTF8&amp;camp=1789&amp;creative=9325&amp;creativeASIN=B079HMNG48&amp;linkCode=as2&amp;tag=expressdigi08-20&amp;linkId=7580bc7da1a782e4316dfe31b4fd2808\">Amazon $<\/a><\/span><span data-sheets-value=\"{&quot;1&quot;:2,&quot;2&quot;:&quot;ZJ-5807DD&quot;}\" data-sheets-userformat=\"{&quot;2&quot;:513,&quot;3&quot;:{&quot;1&quot;:0},&quot;12&quot;:0}\"><a href=\"https:\/\/www.amazon.com\/gp\/product\/B079HMNG48\/ref=as_li_tl?ie=UTF8&amp;camp=1789&amp;creative=9325&amp;creativeASIN=B079HMNG48&amp;linkCode=as2&amp;tag=expressdigi08-20&amp;linkId=7580bc7da1a782e4316dfe31b4fd2808\">52.99<\/a>),\u00a0 EARME (Zijiang) ZJ &#8211; 5805\u00a0 (<a href=\"https:\/\/www.amazon.com\/gp\/product\/B076F81717\/ref=as_li_tl?ie=UTF8&amp;camp=1789&amp;creative=9325&amp;creativeASIN=B076F81717&amp;linkCode=as2&amp;tag=expressdigi08-20&amp;linkId=9d7a6cc87074b7c6706c66aad59e743f\">Amazon $42.99<\/a>), WELQUIC\u00a0 ZJ-5807DD (<a href=\"https:\/\/www.amazon.com\/gp\/product\/B075GDG52M\/ref=as_li_tl?ie=UTF8&amp;camp=1789&amp;creative=9325&amp;creativeASIN=B075GDG52M&amp;linkCode=as2&amp;tag=expressdigi08-20&amp;linkId=4c80ce90eaea1dfe88ff30cba2c5d9b5\">Amazon $39.99<\/a>), MunByn\u00a0MU-IMP001 (<a href=\"https:\/\/www.amazon.com\/gp\/product\/B0753B5KYG\/ref=as_li_tl?ie=UTF8&amp;camp=1789&amp;creative=9325&amp;creativeASIN=B0753B5KYG&amp;linkCode=as2&amp;tag=expressdigi08-20&amp;linkId=97d251adbddb518b159ac083a7d94d89\">Amazon $54.98<\/a>), Monolink (<a href=\"https:\/\/www.amazon.com\/gp\/product\/B079HQJDS8\/ref=as_li_tl?ie=UTF8&amp;camp=1789&amp;creative=9325&amp;creativeASIN=B079HQJDS8&amp;linkCode=as2&amp;tag=expressdigi08-20&amp;linkId=eb5f41ccc157e9276cc432490eff95aa\">Amazon $64.98<\/a>)<\/span><\/p>\n<p><strong>80mm<\/strong>: Milestone\u00a0MHT-8001-F (<a href=\"https:\/\/www.amazon.com\/gp\/product\/B07FXL932M\/ref=as_li_tl?ie=UTF8&amp;camp=1789&amp;creative=9325&amp;creativeASIN=B07FXL932M&amp;linkCode=as2&amp;tag=expressdigi08-20&amp;linkId=1188189eae0fc31290fd81f9297d9074\">Amazon $62.51<\/a>) ,\u00a0<span data-sheets-value=\"{&quot;1&quot;:2,&quot;2&quot;:&quot;ZJ-5807DD&quot;}\" data-sheets-userformat=\"{&quot;2&quot;:513,&quot;3&quot;:{&quot;1&quot;:0},&quot;12&quot;:0}\">ZKTeco ZKP8003 (<a href=\"https:\/\/www.amazon.com\/gp\/product\/B07CSS4L6M\/ref=as_li_tl?ie=UTF8&amp;camp=1789&amp;creative=9325&amp;creativeASIN=B07CSS4L6M&amp;linkCode=as2&amp;tag=expressdigi08-20&amp;linkId=a7681e8a33a742baf05d9b8c384ff91b\">Amazon $79.99<\/a>),\u00a0MunByn\u00a0MU-IMP013 (<a href=\"https:\/\/www.amazon.com\/gp\/product\/B07F6C9CFX\/ref=as_li_tl?ie=UTF8&amp;camp=1789&amp;creative=9325&amp;creativeASIN=B07F6C9CFX&amp;linkCode=as2&amp;tag=expressdigi08-20&amp;linkId=dd800a9ea98bd0d13b83fd9a3d383329\">Amazon $129.98<\/a>)<\/span><\/p>\n<p>&nbsp;<\/p>\n<p>&nbsp;<\/p>\n<h3 style=\"text-align: left;\"><a href=\"https:\/\/expressexpense.com\/blog\/express-thermal-print-app-for-ios-and-android\/\"><img decoding=\"async\" loading=\"lazy\" class=\"alignleft wp-image-917 size-full\" src=\"https:\/\/expressexpense.com\/blog\/wp-content\/uploads\/2019\/01\/print-receipts-from-ios-to-thermal-printer.png\" alt=\"\" width=\"940\" height=\"512\" srcset=\"https:\/\/expressexpense.com\/blog\/wp-content\/uploads\/2019\/01\/print-receipts-from-ios-to-thermal-printer.png 940w, https:\/\/expressexpense.com\/blog\/wp-content\/uploads\/2019\/01\/print-receipts-from-ios-to-thermal-printer-300x163.png 300w, https:\/\/expressexpense.com\/blog\/wp-content\/uploads\/2019\/01\/print-receipts-from-ios-to-thermal-printer-768x418.png 768w\" sizes=\"(max-width: 940px) 100vw, 940px\" \/><\/a><\/h3>\n<h3 style=\"text-align: left;\">C\u00f3mo imprimir\u00a0recibos de\u00a0ExpressExpense\u00a0en la impresora t\u00e9rmica de recibos:<\/h3>\n<ol>\n<li><span class=\"notranslate\"><strong>Descarga<\/strong>\u00a0ExpressExpense\u00a0y\u00a0<a href=\"https:\/\/translate.google.com\/translate?hl=en&amp;prev=_t&amp;sl=auto&amp;tl=es&amp;u=https:\/\/itunes.apple.com\/us\/app\/express-thermal-print\/id1449743356%3Fmt%3D8\">Express Thermal Print<\/a><\/span>\u00a0\u00a0\u00a0<span class=\"notranslate\">aplicaciones\u00a0de la tienda de aplicaciones<\/span><\/li>\n<li><span class=\"notranslate\"><strong>Encienda<\/strong> su impresora Bluetooth y aseg\u00farese de que el tel\u00e9fono Bluetooth est\u00e9 encendido.<\/span><\/li>\n<li><span class=\"notranslate\">Abra la\u00a0aplicaci\u00f3n\u00a0<strong>Express Express Thermal Print\u00a0<\/strong>y haga clic en &#8220;Seleccionar impresora&#8221;: aparecer\u00e1 su impresora Bluetooth<\/span><\/li>\n<li><span class=\"notranslate\"><strong>Cree un recibo<\/strong> con la\u00a0aplicaci\u00f3n\u00a0ExpressExpense\u00a0&#8211; luego toque &#8220;Compartir recibo&#8221;<\/span><\/li>\n<li><span class=\"notranslate\">Elija\u00a0<strong>Express Thermal Print<\/strong>\u00a0del men\u00fa de opciones para compartir<\/span><\/li>\n<\/ol>\n<p>&nbsp;<\/p>\n<p>&nbsp;<\/p>\n<p>&nbsp;<\/p>\n<p>&nbsp;<\/p>\n<p>&nbsp;<\/p>\n","protected":false},"excerpt":{"rendered":"<p>Es f\u00e1cil imprimir recibos de ExpressExpense en casa o en su oficina. Impresi\u00f3n a chorro de tinta o impresora&hellip;<\/p>\n","protected":false},"author":1,"featured_media":0,"parent":0,"menu_order":0,"comment_status":"closed","ping_status":"closed","template":"","meta":{"_mi_skip_tracking":false,"spay_email":""},"yoast_head":"<!-- This site is optimized with the Yoast SEO plugin v14.9 - https:\/\/yoast.com\/wordpress\/plugins\/seo\/ -->\n<meta name=\"robots\" content=\"index, follow, max-snippet:-1, max-image-preview:large, max-video-preview:-1\" \/>\n<link rel=\"canonical\" href=\"https:\/\/expressexpense.com\/blog\/printing-receipts\/\" \/>\n<meta property=\"og:locale\" content=\"en_US\" \/>\n<meta property=\"og:type\" content=\"article\" \/>\n<meta property=\"og:title\" content=\"Printing Receipts - ExpressExpense - How to Make Receipts\" \/>\n<meta property=\"og:description\" content=\"Es f\u00e1cil imprimir recibos de ExpressExpense en casa o en su oficina. Impresi\u00f3n a chorro de tinta o impresora&hellip;\" \/>\n<meta property=\"og:url\" content=\"https:\/\/expressexpense.com\/blog\/printing-receipts\/\" \/>\n<meta property=\"og:site_name\" content=\"ExpressExpense - How to Make Receipts\" \/>\n<meta property=\"article:modified_time\" content=\"2019-02-01T19:40:39+00:00\" \/>\n<meta property=\"og:image\" content=\"https:\/\/expressexpense.com\/blog\/wp-content\/uploads\/2019\/01\/express-thermal-print-animated-logo-small.gif\" \/>\n<meta name=\"twitter:card\" content=\"summary_large_image\" \/>\n<script type=\"application\/ld+json\" class=\"yoast-schema-graph\">{\"@context\":\"https:\/\/schema.org\",\"@graph\":[{\"@type\":\"WebSite\",\"@id\":\"https:\/\/expressexpense.com\/blog\/#website\",\"url\":\"https:\/\/expressexpense.com\/blog\/\",\"name\":\"ExpressExpense - How to Make Receipts\",\"description\":\"\",\"potentialAction\":[{\"@type\":\"SearchAction\",\"target\":\"https:\/\/expressexpense.com\/blog\/?s={search_term_string}\",\"query-input\":\"required name=search_term_string\"}],\"inLanguage\":\"en-US\"},{\"@type\":\"ImageObject\",\"@id\":\"https:\/\/expressexpense.com\/blog\/printing-receipts\/#primaryimage\",\"inLanguage\":\"en-US\",\"url\":\"https:\/\/expressexpense.com\/blog\/wp-content\/uploads\/2019\/01\/express-thermal-print-animated-logo-small.gif\",\"width\":278,\"height\":274},{\"@type\":\"WebPage\",\"@id\":\"https:\/\/expressexpense.com\/blog\/printing-receipts\/#webpage\",\"url\":\"https:\/\/expressexpense.com\/blog\/printing-receipts\/\",\"name\":\"Printing Receipts - ExpressExpense - How to Make Receipts\",\"isPartOf\":{\"@id\":\"https:\/\/expressexpense.com\/blog\/#website\"},\"primaryImageOfPage\":{\"@id\":\"https:\/\/expressexpense.com\/blog\/printing-receipts\/#primaryimage\"},\"datePublished\":\"2019-01-17T00:12:24+00:00\",\"dateModified\":\"2019-02-01T19:40:39+00:00\",\"inLanguage\":\"en-US\",\"potentialAction\":[{\"@type\":\"ReadAction\",\"target\":[\"https:\/\/expressexpense.com\/blog\/printing-receipts\/\"]}]}]}<\/script>\n<!-- \/ Yoast SEO plugin. -->","jetpack_sharing_enabled":true,"jetpack_shortlink":"https:\/\/wp.me\/PbIym1-fD","_links":{"self":[{"href":"https:\/\/expressexpense.com\/blog\/wp-json\/wp\/v2\/pages\/969"}],"collection":[{"href":"https:\/\/expressexpense.com\/blog\/wp-json\/wp\/v2\/pages"}],"about":[{"href":"https:\/\/expressexpense.com\/blog\/wp-json\/wp\/v2\/types\/page"}],"author":[{"embeddable":true,"href":"https:\/\/expressexpense.com\/blog\/wp-json\/wp\/v2\/users\/1"}],"replies":[{"embeddable":true,"href":"https:\/\/expressexpense.com\/blog\/wp-json\/wp\/v2\/comments?post=969"}],"version-history":[{"count":4,"href":"https:\/\/expressexpense.com\/blog\/wp-json\/wp\/v2\/pages\/969\/revisions"}],"predecessor-version":[{"id":978,"href":"https:\/\/expressexpense.com\/blog\/wp-json\/wp\/v2\/pages\/969\/revisions\/978"}],"wp:attachment":[{"href":"https:\/\/expressexpense.com\/blog\/wp-json\/wp\/v2\/media?parent=969"}],"curies":[{"name":"wp","href":"https:\/\/api.w.org\/{rel}","templated":true}]}}